{"id":17,"date":"2021-04-23T18:01:19","date_gmt":"2021-04-23T18:01:19","guid":{"rendered":"http:\/\/invivoarts.fr\/?page_id=17"},"modified":"2025-04-30T18:47:16","modified_gmt":"2025-04-30T18:47:16","slug":"humanites","status":"publish","type":"page","link":"https:\/\/invivoarts.fr\/?page_id=17","title":{"rendered":"HUMANIT\u00c9(s)"},"content":{"rendered":"\t\t<div data-elementor-type=\"wp-page\" data-elementor-id=\"17\" class=\"elementor elementor-17\">\n\t\t\t\t\t\t<section class=\"elementor-section elementor-top-section elementor-element elementor-element-24ca587 elementor-section-height-min-height elementor-section-boxed elementor-section-height-default elementor-section-items-middle\" data-id=\"24ca587\" data-element_type=\"section\" data-settings=\"{&quot;background_background&quot;:&quot;slideshow&quot;,&quot;background_slideshow_gallery&quot;:[{&quot;id&quot;:3247,&quot;url&quot;:&quot;https:\\\/\\\/invivoarts.fr\\\/wp-content\\\/uploads\\\/2025\\\/04\\\/Grupo-222.jpg&quot;}],&quot;background_slideshow_loop&quot;:&quot;yes&quot;,&quot;background_slideshow_slide_duration&quot;:5000,&quot;background_slideshow_slide_transition&quot;:&quot;fade&quot;,&quot;background_slideshow_transition_duration&quot;:500}\">\n\t\t\t\t\t\t<div class=\"elementor-container elementor-column-gap-wide\">\n\t\t\t\t\t<div class=\"elementor-column elementor-col-50 elementor-top-column elementor-element elementor-element-dd598de\" data-id=\"dd598de\" data-element_type=\"column\">\n\t\t\t<div class=\"elementor-widget-wrap elementor-element-populated\">\n\t\t\t\t\t\t<div class=\"elementor-element elementor-element-564f015 elementor-widget-mobile__width-initial elementor-widget elementor-widget-text-editor\" data-id=\"564f015\" data-element_type=\"widget\" data-widget_type=\"text-editor.default\">\n\t\t\t\t<div class=\"elementor-widget-container\">\n\t\t\t\t\t\t\t<p>Humanit\u00e9(s)<\/p>\t\t\t\t\t\t<\/div>\n\t\t\t\t<\/div>\n\t\t\t\t<div class=\"elementor-element elementor-element-3c51af6 elementor-widget__width-initial elementor-widget-mobile__width-initial elementor-widget elementor-widget-text-editor\" data-id=\"3c51af6\" data-element_type=\"widget\" data-widget_type=\"text-editor.default\">\n\t\t\t\t<div class=\"elementor-widget-container\">\n\t\t\t\t\t\t\tCe cluster explore comment les arts du spectacle vivant utilisent les sciences humaines et sociales (histoire, anthropologie, sociologie, droit\u2026) comme objets de cr\u00e9ation \u00e0 travers des subjectivit\u00e9s et des r\u00e9cits qui transforment notre compr\u00e9hension du monde dans son d\u00e9veloppement sociohistorique.\n\t\t\t\t\t\t<\/div>\n\t\t\t\t<\/div>\n\t\t\t\t\t<\/div>\n\t\t<\/div>\n\t\t\t\t<div class=\"elementor-column elementor-col-50 elementor-top-column elementor-element elementor-element-1629acf\" data-id=\"1629acf\" data-element_type=\"column\">\n\t\t\t<div class=\"elementor-widget-wrap\">\n\t\t\t\t\t\t\t<\/div>\n\t\t<\/div>\n\t\t\t\t\t<\/div>\n\t\t<\/section>\n\t\t\t\t<section class=\"elementor-section elementor-top-section elementor-element elementor-element-b1f7127 elementor-section-full_width elementor-section-content-middle elementor-section-height-default elementor-section-height-default\" data-id=\"b1f7127\" data-element_type=\"section\">\n\t\t\t\t\t\t<div class=\"elementor-container elementor-column-gap-no\">\n\t\t\t\t\t<div class=\"elementor-column elementor-col-50 elementor-top-column elementor-element elementor-element-da9141e\" data-id=\"da9141e\" data-element_type=\"column\" data-settings=\"{&quot;background_background&quot;:&quot;classic&quot;}\">\n\t\t\t<div class=\"elementor-widget-wrap elementor-element-populated\">\n\t\t\t\t\t\t<section class=\"elementor-section elementor-inner-section elementor-element elementor-element-996bb7e elementor-section-content-middle elementor-section-full_width elementor-section-height-default elementor-section-height-default\" data-id=\"996bb7e\" data-element_type=\"section\">\n\t\t\t\t\t\t<div class=\"elementor-container elementor-column-gap-custom\">\n\t\t\t\t\t<div class=\"elementor-column elementor-col-100 elementor-inner-column elementor-element elementor-element-04cc988\" data-id=\"04cc988\" data-element_type=\"column\">\n\t\t\t<div class=\"elementor-widget-wrap elementor-element-populated\">\n\t\t\t\t\t\t<div class=\"elementor-element elementor-element-831a023 elementor-widget__width-initial elementor-widget-mobile__width-initial elementor-widget elementor-widget-text-editor\" data-id=\"831a023\" data-element_type=\"widget\" data-widget_type=\"text-editor.default\">\n\t\t\t\t<div class=\"elementor-widget-container\">\n\t\t\t\t\t\t\t<p>Les arts du spectacle vivant peuvent transformer les sciences humaines et sociales (et leurs objets de recherche tels que les archives, les rapports, les t\u00e9moignages, etc.) en exp\u00e9riences visuelles et auditives qui fa\u00e7onnent la conscience publique.<\/p><p>Ces repr\u00e9sentations sont marqu\u00e9es par la subjectivit\u00e9 du geste artistique et refl\u00e8tent des strates d&#8217;interpr\u00e9tation humaine, parfois m\u00eame dans une dynamique engag\u00e9e, existentielle, ou m\u00eame de protestation ou de d\u00e9nonciation.<\/p>\t\t\t\t\t\t<\/div>\n\t\t\t\t<\/div>\n\t\t\t\t\t<\/div>\n\t\t<\/div>\n\t\t\t\t\t<\/div>\n\t\t<\/section>\n\t\t\t\t\t<\/div>\n\t\t<\/div>\n\t\t\t\t<div class=\"elementor-column elementor-col-50 elementor-top-column elementor-element elementor-element-65d32bc\" data-id=\"65d32bc\" data-element_type=\"column\">\n\t\t\t<div class=\"elementor-widget-wrap elementor-element-populated\">\n\t\t\t\t\t\t<div class=\"elementor-element elementor-element-11540fe elementor-hidden-tablet elementor-hidden-mobile elementor-widget elementor-widget-image\" data-id=\"11540fe\" data-element_type=\"widget\" data-widget_type=\"image.default\">\n\t\t\t\t<div class=\"elementor-widget-container\">\n\t\t\t\t\t\t\t\t\t\t\t\t\t<img fetchpriority=\"high\" decoding=\"async\" width=\"768\" height=\"864\" src=\"https:\/\/invivoarts.fr\/wp-content\/uploads\/2025\/04\/Humanidades-1-768x864.png\" class=\"attachment-medium_large size-medium_large wp-image-3488\" alt=\"\" srcset=\"https:\/\/invivoarts.fr\/wp-content\/uploads\/2025\/04\/Humanidades-1-768x864.png 768w, https:\/\/invivoarts.fr\/wp-content\/uploads\/2025\/04\/Humanidades-1-267x300.png 267w, https:\/\/invivoarts.fr\/wp-content\/uploads\/2025\/04\/Humanidades-1-910x1024.png 910w, https:\/\/invivoarts.fr\/wp-content\/uploads\/2025\/04\/Humanidades-1.png 960w\" sizes=\"(max-width: 768px) 100vw, 768px\" \/>\t\t\t\t\t\t\t\t\t\t\t\t\t<\/div>\n\t\t\t\t<\/div>\n\t\t\t\t\t<\/div>\n\t\t<\/div>\n\t\t\t\t\t<\/div>\n\t\t<\/section>\n\t\t\t\t<section class=\"elementor-section elementor-top-section elementor-element elementor-element-c0c60b8 elementor-hidden-desktop elementor-section-boxed elementor-section-height-default elementor-section-height-default\" data-id=\"c0c60b8\" data-element_type=\"section\">\n\t\t\t\t\t\t<div class=\"elementor-container elementor-column-gap-no\">\n\t\t\t\t\t<div class=\"elementor-column elementor-col-100 elementor-top-column elementor-element elementor-element-3436d67\" data-id=\"3436d67\" data-element_type=\"column\">\n\t\t\t<div class=\"elementor-widget-wrap elementor-element-populated\">\n\t\t\t\t\t\t<div class=\"elementor-element elementor-element-4200ef6 elementor-widget elementor-widget-image\" data-id=\"4200ef6\" data-element_type=\"widget\" data-widget_type=\"image.default\">\n\t\t\t\t<div class=\"elementor-widget-container\">\n\t\t\t\t\t\t\t\t\t\t\t\t\t<img fetchpriority=\"high\" decoding=\"async\" width=\"768\" height=\"864\" src=\"https:\/\/invivoarts.fr\/wp-content\/uploads\/2025\/04\/Humanidades-1-768x864.png\" class=\"attachment-medium_large size-medium_large wp-image-3488\" alt=\"\" srcset=\"https:\/\/invivoarts.fr\/wp-content\/uploads\/2025\/04\/Humanidades-1-768x864.png 768w, https:\/\/invivoarts.fr\/wp-content\/uploads\/2025\/04\/Humanidades-1-267x300.png 267w, https:\/\/invivoarts.fr\/wp-content\/uploads\/2025\/04\/Humanidades-1-910x1024.png 910w, https:\/\/invivoarts.fr\/wp-content\/uploads\/2025\/04\/Humanidades-1.png 960w\" sizes=\"(max-width: 768px) 100vw, 768px\" \/>\t\t\t\t\t\t\t\t\t\t\t\t\t<\/div>\n\t\t\t\t<\/div>\n\t\t\t\t\t<\/div>\n\t\t<\/div>\n\t\t\t\t\t<\/div>\n\t\t<\/section>\n\t\t\t\t<section class=\"elementor-section elementor-top-section elementor-element elementor-element-0a3db53 elementor-section-full_width elementor-section-height-min-height elementor-section-content-middle elementor-section-height-default elementor-section-items-middle\" data-id=\"0a3db53\" data-element_type=\"section\" data-settings=\"{&quot;background_background&quot;:&quot;classic&quot;}\">\n\t\t\t\t\t\t<div class=\"elementor-container elementor-column-gap-no\">\n\t\t\t\t\t<div class=\"elementor-column elementor-col-50 elementor-top-column elementor-element elementor-element-83738da\" data-id=\"83738da\" data-element_type=\"column\">\n\t\t\t<div class=\"elementor-widget-wrap elementor-element-populated\">\n\t\t\t\t\t\t<div class=\"elementor-element elementor-element-91fe0c3 elementor-hidden-mobile elementor-widget elementor-widget-image\" data-id=\"91fe0c3\" data-element_type=\"widget\" data-widget_type=\"image.default\">\n\t\t\t\t<div class=\"elementor-widget-container\">\n\t\t\t\t\t\t\t\t\t\t\t\t\t<img decoding=\"async\" width=\"768\" height=\"864\" src=\"https:\/\/invivoarts.fr\/wp-content\/uploads\/2025\/04\/Humanidades-2-768x864.png\" class=\"attachment-medium_large size-medium_large wp-image-3489\" alt=\"\" srcset=\"https:\/\/invivoarts.fr\/wp-content\/uploads\/2025\/04\/Humanidades-2-768x864.png 768w, https:\/\/invivoarts.fr\/wp-content\/uploads\/2025\/04\/Humanidades-2-267x300.png 267w, https:\/\/invivoarts.fr\/wp-content\/uploads\/2025\/04\/Humanidades-2-910x1024.png 910w, https:\/\/invivoarts.fr\/wp-content\/uploads\/2025\/04\/Humanidades-2.png 960w\" sizes=\"(max-width: 768px) 100vw, 768px\" \/>\t\t\t\t\t\t\t\t\t\t\t\t\t<\/div>\n\t\t\t\t<\/div>\n\t\t\t\t\t<\/div>\n\t\t<\/div>\n\t\t\t\t<div class=\"elementor-column elementor-col-50 elementor-top-column elementor-element elementor-element-87f8592\" data-id=\"87f8592\" data-element_type=\"column\">\n\t\t\t<div class=\"elementor-widget-wrap elementor-element-populated\">\n\t\t\t\t\t\t<section class=\"elementor-section elementor-inner-section elementor-element elementor-element-4f19fab elementor-section-full_width elementor-section-height-min-height elementor-section-height-default\" data-id=\"4f19fab\" data-element_type=\"section\">\n\t\t\t\t\t\t<div class=\"elementor-container elementor-column-gap-custom\">\n\t\t\t\t\t<div class=\"elementor-column elementor-col-100 elementor-inner-column elementor-element elementor-element-4884b30\" data-id=\"4884b30\" data-element_type=\"column\">\n\t\t\t<div class=\"elementor-widget-wrap elementor-element-populated\">\n\t\t\t\t\t\t<div class=\"elementor-element elementor-element-f6b117e elementor-widget__width-initial elementor-widget elementor-widget-text-editor\" data-id=\"f6b117e\" data-element_type=\"widget\" data-widget_type=\"text-editor.default\">\n\t\t\t\t<div class=\"elementor-widget-container\">\n\t\t\t\t\t\t\tLes arts du spectacle vivant r\u00e9inventent des contextes sociohistoriques pour explorer les \u00e9motions humaines et les relations organiques, instrumentalisant parfois les d\u00e9tails historiques au service de la cr\u00e9ativit\u00e9.\n\nNous invitons \u00e0 r\u00e9fl\u00e9chir sur la mani\u00e8re dont les sciences humaines et sociales influencent les arts de la sc\u00e8ne et vice versa, ouvrant ainsi de nouvelles perspectives narratives et esth\u00e9tiques.\t\t\t\t\t\t<\/div>\n\t\t\t\t<\/div>\n\t\t\t\t\t<\/div>\n\t\t<\/div>\n\t\t\t\t\t<\/div>\n\t\t<\/section>\n\t\t\t\t\t<\/div>\n\t\t<\/div>\n\t\t\t\t\t<\/div>\n\t\t<\/section>\n\t\t\t\t<section class=\"elementor-section elementor-top-section elementor-element elementor-element-b1ec072 elementor-hidden-desktop elementor-section-boxed elementor-section-height-default elementor-section-height-default\" data-id=\"b1ec072\" data-element_type=\"section\">\n\t\t\t\t\t\t<div class=\"elementor-container elementor-column-gap-no\">\n\t\t\t\t\t<div class=\"elementor-column elementor-col-100 elementor-top-column elementor-element elementor-element-70c73f8\" data-id=\"70c73f8\" data-element_type=\"column\">\n\t\t\t<div class=\"elementor-widget-wrap elementor-element-populated\">\n\t\t\t\t\t\t<div class=\"elementor-element elementor-element-192d03b elementor-widget elementor-widget-image\" data-id=\"192d03b\" data-element_type=\"widget\" data-widget_type=\"image.default\">\n\t\t\t\t<div class=\"elementor-widget-container\">\n\t\t\t\t\t\t\t\t\t\t\t\t\t<img decoding=\"async\" width=\"768\" height=\"864\" src=\"https:\/\/invivoarts.fr\/wp-content\/uploads\/2025\/04\/Humanidades-2-768x864.png\" class=\"attachment-medium_large size-medium_large wp-image-3489\" alt=\"\" srcset=\"https:\/\/invivoarts.fr\/wp-content\/uploads\/2025\/04\/Humanidades-2-768x864.png 768w, https:\/\/invivoarts.fr\/wp-content\/uploads\/2025\/04\/Humanidades-2-267x300.png 267w, https:\/\/invivoarts.fr\/wp-content\/uploads\/2025\/04\/Humanidades-2-910x1024.png 910w, https:\/\/invivoarts.fr\/wp-content\/uploads\/2025\/04\/Humanidades-2.png 960w\" sizes=\"(max-width: 768px) 100vw, 768px\" \/>\t\t\t\t\t\t\t\t\t\t\t\t\t<\/div>\n\t\t\t\t<\/div>\n\t\t\t\t\t<\/div>\n\t\t<\/div>\n\t\t\t\t\t<\/div>\n\t\t<\/section>\n\t\t\t\t<section class=\"elementor-section elementor-top-section elementor-element elementor-element-a6ff90f elementor-section-content-middle elementor-section-boxed elementor-section-height-default elementor-section-height-default\" data-id=\"a6ff90f\" data-element_type=\"section\" data-settings=\"{&quot;background_background&quot;:&quot;classic&quot;}\">\n\t\t\t\t\t\t\t<div class=\"elementor-background-overlay\"><\/div>\n\t\t\t\t\t\t\t<div class=\"elementor-container elementor-column-gap-default\">\n\t\t\t\t\t<div class=\"elementor-column elementor-col-100 elementor-top-column elementor-element elementor-element-4539c19\" data-id=\"4539c19\" data-element_type=\"column\" data-settings=\"{&quot;background_background&quot;:&quot;classic&quot;}\">\n\t\t\t<div class=\"elementor-widget-wrap elementor-element-populated\">\n\t\t\t\t\t\t<div class=\"elementor-element elementor-element-8c11f2d elementor-widget elementor-widget-spacer\" data-id=\"8c11f2d\" data-element_type=\"widget\" data-widget_type=\"spacer.default\">\n\t\t\t\t<div class=\"elementor-widget-container\">\n\t\t\t\t\t<div class=\"elementor-spacer\">\n\t\t\t<div class=\"elementor-spacer-inner\"><\/div>\n\t\t<\/div>\n\t\t\t\t<\/div>\n\t\t\t\t<\/div>\n\t\t\t\t<div class=\"elementor-element elementor-element-8aeafc8 elementor-widget__width-initial elementor-widget-mobile__width-initial elementor-widget elementor-widget-text-editor\" data-id=\"8aeafc8\" data-element_type=\"widget\" data-widget_type=\"text-editor.default\">\n\t\t\t\t<div class=\"elementor-widget-container\">\n\t\t\t\t\t\t\t<p>Apportez vos id\u00e9es \u00e0 <strong>Humanit\u00e9(s)<\/strong> et r\u00e9fl\u00e9chissez \u00e0 la mani\u00e8re dont les sciences humaines interagissent avec les arts de la sc\u00e8ne et du cin\u00e9ma !<\/p>\t\t\t\t\t\t<\/div>\n\t\t\t\t<\/div>\n\t\t\t\t<div class=\"elementor-element elementor-element-31ba2a6 elementor-align-center elementor-widget elementor-widget-button\" data-id=\"31ba2a6\" data-element_type=\"widget\" data-widget_type=\"button.default\">\n\t\t\t\t<div class=\"elementor-widget-container\">\n\t\t\t\t\t<div class=\"elementor-button-wrapper\">\n\t\t\t<a class=\"elementor-button elementor-button-link elementor-size-sm\" href=\"https:\/\/invivoarts.fr\/?page_id=4415\">\n\t\t\t\t\t\t<span class=\"elementor-button-content-wrapper\">\n\t\t\t\t\t\t\t\t\t<span class=\"elementor-button-text\">PUBLIEZ AVEC NOUS !<\/span>\n\t\t\t\t\t<\/span>\n\t\t\t\t\t<\/a>\n\t\t<\/div>\n\t\t\t\t<\/div>\n\t\t\t\t<\/div>\n\t\t\t\t<div class=\"elementor-element elementor-element-176e515 elementor-widget elementor-widget-spacer\" data-id=\"176e515\" data-element_type=\"widget\" data-widget_type=\"spacer.default\">\n\t\t\t\t<div class=\"elementor-widget-container\">\n\t\t\t\t\t<div class=\"elementor-spacer\">\n\t\t\t<div class=\"elementor-spacer-inner\"><\/div>\n\t\t<\/div>\n\t\t\t\t<\/div>\n\t\t\t\t<\/div>\n\t\t\t\t\t<\/div>\n\t\t<\/div>\n\t\t\t\t\t<\/div>\n\t\t<\/section>\n\t\t\t\t<section class=\"elementor-section elementor-top-section elementor-element elementor-element-1ea4a82 elementor-section-content-middle elementor-section-boxed elementor-section-height-default elementor-section-height-default\" data-id=\"1ea4a82\" data-element_type=\"section\" data-settings=\"{&quot;background_background&quot;:&quot;classic&quot;}\">\n\t\t\t\t\t\t<div class=\"elementor-container elementor-column-gap-default\">\n\t\t\t\t\t<div class=\"elementor-column elementor-col-50 elementor-top-column elementor-element elementor-element-c7dbb9a\" data-id=\"c7dbb9a\" data-element_type=\"column\">\n\t\t\t<div class=\"elementor-widget-wrap elementor-element-populated\">\n\t\t\t\t\t\t<div class=\"elementor-element elementor-element-32288fd elementor-position-left elementor-vertical-align-middle elementor-widget__width-initial elementor-mobile-position-left elementor-vertical-align-bottom elementor-widget-mobile__width-initial elementor-view-default elementor-widget elementor-widget-icon-box\" data-id=\"32288fd\" data-element_type=\"widget\" data-widget_type=\"icon-box.default\">\n\t\t\t\t<div class=\"elementor-widget-container\">\n\t\t\t\t\t<div class=\"elementor-icon-box-wrapper\">\n\n\t\t\t\t\t\t<div class=\"elementor-icon-box-icon\">\n\t\t\t\t<a href=\"https:\/\/bsky.app\/profile\/invivoarts.bsky.social\" target=\"_blank\" class=\"elementor-icon elementor-animation-\" tabindex=\"-1\">\n\t\t\t\t<svg xmlns=\"http:\/\/www.w3.org\/2000\/svg\" width=\"46.6\" height=\"41.03\" viewBox=\"0 0 46.6 41.03\"><path id=\"Bluesky_Logo\" d=\"M20.1,12.417C25.44,16.428,31.187,24.56,33.3,28.924c2.11-4.364,7.856-12.5,13.2-16.507,3.855-2.894,10.1-5.133,10.1,1.992,0,1.423-.816,11.954-1.294,13.664-1.663,5.944-7.725,7.46-13.116,6.543,9.424,1.6,11.822,6.917,6.644,12.23C39,56.936,34.7,44.314,33.594,41.08c-.2-.593-.3-.87-.3-.634,0-.236-.1.042-.3.634-1.1,3.234-5.4,15.857-15.236,5.766-5.178-5.313-2.78-10.626,6.644-12.23-5.392.918-11.453-.6-13.116-6.543C10.812,26.363,10,15.832,10,14.409c0-7.125,6.246-4.886,10.1-1.992Z\" transform=\"translate(-9.997 -9.655)\" fill=\"#f2f2f2\"><\/path><\/svg>\t\t\t\t<\/a>\n\t\t\t<\/div>\n\t\t\t\n\t\t\t\t\t\t<div class=\"elementor-icon-box-content\">\n\n\t\t\t\t\t\t\t\t\t<h6 class=\"elementor-icon-box-title\">\n\t\t\t\t\t\t<a href=\"https:\/\/bsky.app\/profile\/invivoarts.bsky.social\" target=\"_blank\" >\n\t\t\t\t\t\t\t@InVivoArts\t\t\t\t\t\t<\/a>\n\t\t\t\t\t<\/h6>\n\t\t\t\t\n\t\t\t\t\n\t\t\t<\/div>\n\t\t\t\n\t\t<\/div>\n\t\t\t\t<\/div>\n\t\t\t\t<\/div>\n\t\t\t\t\t<\/div>\n\t\t<\/div>\n\t\t\t\t<div class=\"elementor-column elementor-col-50 elementor-top-column elementor-element elementor-element-2edffbb\" data-id=\"2edffbb\" data-element_type=\"column\">\n\t\t\t<div class=\"elementor-widget-wrap elementor-element-populated\">\n\t\t\t\t\t\t<div class=\"elementor-element elementor-element-47ebc4b elementor-position-left elementor-vertical-align-middle elementor-widget__width-initial elementor-mobile-position-left elementor-widget-mobile__width-initial elementor-vertical-align-middle elementor-view-default elementor-widget elementor-widget-icon-box\" data-id=\"47ebc4b\" data-element_type=\"widget\" data-widget_type=\"icon-box.default\">\n\t\t\t\t<div class=\"elementor-widget-container\">\n\t\t\t\t\t<div class=\"elementor-icon-box-wrapper\">\n\n\t\t\t\t\t\t<div class=\"elementor-icon-box-icon\">\n\t\t\t\t<span  class=\"elementor-icon elementor-animation-\">\n\t\t\t\t<svg xmlns=\"http:\/\/www.w3.org\/2000\/svg\" width=\"48.945\" height=\"41.03\" viewBox=\"0 0 48.945 41.03\"><path id=\"Trazado_39\" data-name=\"Trazado 39\" d=\"M43.089,44.589H8.174a7.022,7.022,0,0,1-7.015-7.015v-27A7.022,7.022,0,0,1,8.174,3.559H43.089A7.022,7.022,0,0,1,50.1,10.574v27a7.022,7.022,0,0,1-7.015,7.015ZM6.072,40.638a3.7,3.7,0,0,0,2.1.653H43.089a3.7,3.7,0,0,0,2.1-.654L34.753,22.815l-5.762,6.377a4.515,4.515,0,0,1-6.722,0l-5.758-6.373ZM4.584,9.612a3.678,3.678,0,0,0-.126.961v26.3l9.735-16.62ZM37.071,20.249l9.735,16.62V10.574a3.7,3.7,0,0,0-.126-.961ZM6.783,7.127,24.719,26.981a1.243,1.243,0,0,0,1.82,0L44.481,7.128a3.689,3.689,0,0,0-1.391-.271H8.174a3.7,3.7,0,0,0-1.391.27Z\" transform=\"translate(-1.159 -3.559)\" fill=\"#f2f2f2\"><\/path><\/svg>\t\t\t\t<\/span>\n\t\t\t<\/div>\n\t\t\t\n\t\t\t\t\t\t<div class=\"elementor-icon-box-content\">\n\n\t\t\t\t\t\t\t\t\t<h6 class=\"elementor-icon-box-title\">\n\t\t\t\t\t\t<span  >\n\t\t\t\t\t\t\tinvivoarts@gmail.com\t\t\t\t\t\t<\/span>\n\t\t\t\t\t<\/h6>\n\t\t\t\t\n\t\t\t\t\n\t\t\t<\/div>\n\t\t\t\n\t\t<\/div>\n\t\t\t\t<\/div>\n\t\t\t\t<\/div>\n\t\t\t\t\t<\/div>\n\t\t<\/div>\n\t\t\t\t\t<\/div>\n\t\t<\/section>\n\t\t\t\t<\/div>\n\t\t","protected":false},"excerpt":{"rendered":"<p>Humanit\u00e9(s) Ce cluster explore comment les arts du spectacle vivant utilisent les sciences humaines et sociales (histoire, anthropologie, sociologie, droit\u2026) comme objets de cr\u00e9ation \u00e0 travers des subjectivit\u00e9s et des r\u00e9cits qui transforment notre compr\u00e9hension du monde dans son d\u00e9veloppement sociohistorique. Les arts du spectacle vivant peuvent transformer les sciences humaines et sociales (et leurs [&hellip;]<\/p>\n","protected":false},"author":1,"featured_media":0,"parent":0,"menu_order":0,"comment_status":"closed","ping_status":"closed","template":"","meta":{"_uag_custom_page_level_css":"","site-sidebar-layout":"no-sidebar","site-content-layout":"page-builder","ast-site-content-layout":"","site-content-style":"default","site-sidebar-style":"default","ast-global-header-display":"","ast-banner-title-visibility":"","ast-main-header-display":"","ast-hfb-above-header-display":"","ast-hfb-below-header-display":"","ast-hfb-mobile-header-display":"","site-post-title":"disabled","ast-breadcrumbs-content":"","ast-featured-img":"disabled","footer-sml-layout":"","theme-transparent-header-meta":"","adv-header-id-meta":"","stick-header-meta":"","header-above-stick-meta":"","header-main-stick-meta":"","header-below-stick-meta":"","astra-migrate-meta-layouts":"default","ast-page-background-enabled":"default","ast-page-background-meta":{"desktop":{"background-color":"","background-image":"","background-repeat":"repeat","background-position":"center center","background-size":"auto","background-attachment":"scroll","background-type":"","background-media":"","overlay-type":"","overlay-color":"","overlay-opacity":"","overlay-gradient":""},"tablet":{"background-color":"","background-image":"","background-repeat":"repeat","background-position":"center center","background-size":"auto","background-attachment":"scroll","background-type":"","background-media":"","overlay-type":"","overlay-color":"","overlay-opacity":"","overlay-gradient":""},"mobile":{"background-color":"","background-image":"","background-repeat":"repeat","background-position":"center center","background-size":"auto","background-attachment":"scroll","background-type":"","background-media":"","overlay-type":"","overlay-color":"","overlay-opacity":"","overlay-gradient":""}},"ast-content-background-meta":{"desktop":{"background-color":"var(--ast-global-color-5)","background-image":"","background-repeat":"repeat","background-position":"center center","background-size":"auto","background-attachment":"scroll","background-type":"","background-media":"","overlay-type":"","overlay-color":"","overlay-opacity":"","overlay-gradient":""},"tablet":{"background-color":"var(--ast-global-color-5)","background-image":"","background-repeat":"repeat","background-position":"center center","background-size":"auto","background-attachment":"scroll","background-type":"","background-media":"","overlay-type":"","overlay-color":"","overlay-opacity":"","overlay-gradient":""},"mobile":{"background-color":"var(--ast-global-color-5)","background-image":"","background-repeat":"repeat","background-position":"center center","background-size":"auto","background-attachment":"scroll","background-type":"","background-media":"","overlay-type":"","overlay-color":"","overlay-opacity":"","overlay-gradient":""}},"footnotes":""},"class_list":["post-17","page","type-page","status-publish","hentry"],"uagb_featured_image_src":{"full":false,"thumbnail":false,"medium":false,"medium_large":false,"large":false,"1536x1536":false,"2048x2048":false},"uagb_author_info":{"display_name":"admin","author_link":"https:\/\/invivoarts.fr\/?author=1"},"uagb_comment_info":0,"uagb_excerpt":"Humanit\u00e9(s) Ce cluster explore comment les arts du spectacle vivant utilisent les sciences humaines et sociales (histoire, anthropologie, sociologie, droit\u2026) comme objets de cr\u00e9ation \u00e0 travers des subjectivit\u00e9s et des r\u00e9cits qui transforment notre compr\u00e9hension du monde dans son d\u00e9veloppement sociohistorique. Les arts du spectacle vivant peuvent transformer les sciences humaines et sociales (et leurs&hellip;","_links":{"self":[{"href":"https:\/\/invivoarts.fr\/index.php?rest_route=\/wp\/v2\/pages\/17","targetHints":{"allow":["GET"]}}],"collection":[{"href":"https:\/\/invivoarts.fr\/index.php?rest_route=\/wp\/v2\/pages"}],"about":[{"href":"https:\/\/invivoarts.fr\/index.php?rest_route=\/wp\/v2\/types\/page"}],"author":[{"embeddable":true,"href":"https:\/\/invivoarts.fr\/index.php?rest_route=\/wp\/v2\/users\/1"}],"replies":[{"embeddable":true,"href":"https:\/\/invivoarts.fr\/index.php?rest_route=%2Fwp%2Fv2%2Fcomments&post=17"}],"version-history":[{"count":28,"href":"https:\/\/invivoarts.fr\/index.php?rest_route=\/wp\/v2\/pages\/17\/revisions"}],"predecessor-version":[{"id":4531,"href":"https:\/\/invivoarts.fr\/index.php?rest_route=\/wp\/v2\/pages\/17\/revisions\/4531"}],"wp:attachment":[{"href":"https:\/\/invivoarts.fr\/index.php?rest_route=%2Fwp%2Fv2%2Fmedia&parent=17"}],"curies":[{"name":"wp","href":"https:\/\/api.w.org\/{rel}","templated":true}]}}