{"id":2799,"date":"2024-04-17T15:14:14","date_gmt":"2024-04-17T15:14:14","guid":{"rendered":"http:\/\/invivoarts.fr\/?page_id=2799"},"modified":"2025-04-30T07:40:15","modified_gmt":"2025-04-30T07:40:15","slug":"humanites-spaniola","status":"publish","type":"page","link":"https:\/\/invivoarts.fr\/?page_id=2799&lang=es","title":{"rendered":"HUMANIDAD(es)"},"content":{"rendered":"\t\t<div data-elementor-type=\"wp-page\" data-elementor-id=\"2799\" class=\"elementor elementor-2799\">\n\t\t\t\t\t\t<section class=\"elementor-section elementor-top-section elementor-element elementor-element-995aa02 elementor-section-height-min-height elementor-section-boxed elementor-section-height-default elementor-section-items-middle\" data-id=\"995aa02\" data-element_type=\"section\" data-settings=\"{&quot;background_background&quot;:&quot;slideshow&quot;,&quot;background_slideshow_gallery&quot;:[{&quot;id&quot;:3247,&quot;url&quot;:&quot;https:\\\/\\\/invivoarts.fr\\\/wp-content\\\/uploads\\\/2025\\\/04\\\/Grupo-222.jpg&quot;}],&quot;background_slideshow_loop&quot;:&quot;yes&quot;,&quot;background_slideshow_slide_duration&quot;:5000,&quot;background_slideshow_slide_transition&quot;:&quot;fade&quot;,&quot;background_slideshow_transition_duration&quot;:500}\">\n\t\t\t\t\t\t<div class=\"elementor-container elementor-column-gap-wide\">\n\t\t\t\t\t<div class=\"elementor-column elementor-col-50 elementor-top-column elementor-element elementor-element-76b5e9f\" data-id=\"76b5e9f\" data-element_type=\"column\">\n\t\t\t<div class=\"elementor-widget-wrap elementor-element-populated\">\n\t\t\t\t\t\t<div class=\"elementor-element elementor-element-a8bfc92 elementor-widget-mobile__width-initial elementor-widget elementor-widget-text-editor\" data-id=\"a8bfc92\" data-element_type=\"widget\" data-widget_type=\"text-editor.default\">\n\t\t\t\t<div class=\"elementor-widget-container\">\n\t\t\t\t\t\t\t<p>Humanidad(es)<\/p>\t\t\t\t\t\t<\/div>\n\t\t\t\t<\/div>\n\t\t\t\t<div class=\"elementor-element elementor-element-3e7f13c elementor-widget__width-initial elementor-widget-mobile__width-initial elementor-widget elementor-widget-text-editor\" data-id=\"3e7f13c\" data-element_type=\"widget\" data-widget_type=\"text-editor.default\">\n\t\t\t\t<div class=\"elementor-widget-container\">\n\t\t\t\t\t\t\tEste cl\u00faster explora c\u00f3mo las artes esc\u00e9nicas y cinematogr\u00e1ficas utilizan las ciencias humanas y sociales (historia, antropolog\u00eda, sociolog\u00eda, derecho\u2026) como objetos de la creaci\u00f3n a trav\u00e9s de subjetividades y narrativas que transforman nuestra comprensi\u00f3n del mundo en su desarrollo sociohist\u00f3rico. \t\t\t\t\t\t<\/div>\n\t\t\t\t<\/div>\n\t\t\t\t\t<\/div>\n\t\t<\/div>\n\t\t\t\t<div class=\"elementor-column elementor-col-50 elementor-top-column elementor-element elementor-element-48be2b3\" data-id=\"48be2b3\" data-element_type=\"column\">\n\t\t\t<div class=\"elementor-widget-wrap\">\n\t\t\t\t\t\t\t<\/div>\n\t\t<\/div>\n\t\t\t\t\t<\/div>\n\t\t<\/section>\n\t\t\t\t<section class=\"elementor-section elementor-top-section elementor-element elementor-element-5d0393d elementor-section-full_width elementor-section-content-middle elementor-section-height-default elementor-section-height-default\" data-id=\"5d0393d\" data-element_type=\"section\">\n\t\t\t\t\t\t<div class=\"elementor-container elementor-column-gap-no\">\n\t\t\t\t\t<div class=\"elementor-column elementor-col-50 elementor-top-column elementor-element elementor-element-3e4c51b\" data-id=\"3e4c51b\" data-element_type=\"column\" data-settings=\"{&quot;background_background&quot;:&quot;classic&quot;}\">\n\t\t\t<div class=\"elementor-widget-wrap elementor-element-populated\">\n\t\t\t\t\t\t<section class=\"elementor-section elementor-inner-section elementor-element elementor-element-3a5044b elementor-section-content-middle elementor-section-full_width elementor-section-height-default elementor-section-height-default\" data-id=\"3a5044b\" data-element_type=\"section\">\n\t\t\t\t\t\t<div class=\"elementor-container elementor-column-gap-custom\">\n\t\t\t\t\t<div class=\"elementor-column elementor-col-100 elementor-inner-column elementor-element elementor-element-bc72577\" data-id=\"bc72577\" data-element_type=\"column\">\n\t\t\t<div class=\"elementor-widget-wrap elementor-element-populated\">\n\t\t\t\t\t\t<div class=\"elementor-element elementor-element-9469922 elementor-widget__width-initial elementor-widget-mobile__width-initial elementor-widget elementor-widget-text-editor\" data-id=\"9469922\" data-element_type=\"widget\" data-widget_type=\"text-editor.default\">\n\t\t\t\t<div class=\"elementor-widget-container\">\n\t\t\t\t\t\t\t<p>Las artes esc\u00e9nicas pueden transformar las ciencias humanas y sociales (y sus objetos de investigaci\u00f3n como los archivos, los reportes, los testimonios, etc.) en experiencias visuales y auditivas que moldean la conciencia p\u00fablica.<\/p><p>Estas representaciones est\u00e1n marcadas por la subjetividad del gesto art\u00edstico y reflejan capas de interpretaci\u00f3n humana, a veces incluso en una din\u00e1mica comprometida, existencial, de protesta o denuncia.<\/p>\t\t\t\t\t\t<\/div>\n\t\t\t\t<\/div>\n\t\t\t\t\t<\/div>\n\t\t<\/div>\n\t\t\t\t\t<\/div>\n\t\t<\/section>\n\t\t\t\t\t<\/div>\n\t\t<\/div>\n\t\t\t\t<div class=\"elementor-column elementor-col-50 elementor-top-column elementor-element elementor-element-723c7eb\" data-id=\"723c7eb\" data-element_type=\"column\">\n\t\t\t<div class=\"elementor-widget-wrap elementor-element-populated\">\n\t\t\t\t\t\t<div class=\"elementor-element elementor-element-850494c elementor-hidden-tablet elementor-hidden-mobile elementor-widget elementor-widget-image\" data-id=\"850494c\" data-element_type=\"widget\" data-widget_type=\"image.default\">\n\t\t\t\t<div class=\"elementor-widget-container\">\n\t\t\t\t\t\t\t\t\t\t\t\t\t<img fetchpriority=\"high\" decoding=\"async\" width=\"768\" height=\"864\" src=\"https:\/\/invivoarts.fr\/wp-content\/uploads\/2025\/04\/Humanidades-1-768x864.png\" class=\"attachment-medium_large size-medium_large wp-image-3488\" alt=\"\" srcset=\"https:\/\/invivoarts.fr\/wp-content\/uploads\/2025\/04\/Humanidades-1-768x864.png 768w, https:\/\/invivoarts.fr\/wp-content\/uploads\/2025\/04\/Humanidades-1-267x300.png 267w, https:\/\/invivoarts.fr\/wp-content\/uploads\/2025\/04\/Humanidades-1-910x1024.png 910w, https:\/\/invivoarts.fr\/wp-content\/uploads\/2025\/04\/Humanidades-1.png 960w\" sizes=\"(max-width: 768px) 100vw, 768px\" \/>\t\t\t\t\t\t\t\t\t\t\t\t\t<\/div>\n\t\t\t\t<\/div>\n\t\t\t\t\t<\/div>\n\t\t<\/div>\n\t\t\t\t\t<\/div>\n\t\t<\/section>\n\t\t\t\t<section class=\"elementor-section elementor-top-section elementor-element elementor-element-42eb8ae elementor-hidden-desktop elementor-section-boxed elementor-section-height-default elementor-section-height-default\" data-id=\"42eb8ae\" data-element_type=\"section\">\n\t\t\t\t\t\t<div class=\"elementor-container elementor-column-gap-no\">\n\t\t\t\t\t<div class=\"elementor-column elementor-col-100 elementor-top-column elementor-element elementor-element-c499ad2\" data-id=\"c499ad2\" data-element_type=\"column\">\n\t\t\t<div class=\"elementor-widget-wrap elementor-element-populated\">\n\t\t\t\t\t\t<div class=\"elementor-element elementor-element-e24002c elementor-widget elementor-widget-image\" data-id=\"e24002c\" data-element_type=\"widget\" data-widget_type=\"image.default\">\n\t\t\t\t<div class=\"elementor-widget-container\">\n\t\t\t\t\t\t\t\t\t\t\t\t\t<img fetchpriority=\"high\" decoding=\"async\" width=\"768\" height=\"864\" src=\"https:\/\/invivoarts.fr\/wp-content\/uploads\/2025\/04\/Humanidades-1-768x864.png\" class=\"attachment-medium_large size-medium_large wp-image-3488\" alt=\"\" srcset=\"https:\/\/invivoarts.fr\/wp-content\/uploads\/2025\/04\/Humanidades-1-768x864.png 768w, https:\/\/invivoarts.fr\/wp-content\/uploads\/2025\/04\/Humanidades-1-267x300.png 267w, https:\/\/invivoarts.fr\/wp-content\/uploads\/2025\/04\/Humanidades-1-910x1024.png 910w, https:\/\/invivoarts.fr\/wp-content\/uploads\/2025\/04\/Humanidades-1.png 960w\" sizes=\"(max-width: 768px) 100vw, 768px\" \/>\t\t\t\t\t\t\t\t\t\t\t\t\t<\/div>\n\t\t\t\t<\/div>\n\t\t\t\t\t<\/div>\n\t\t<\/div>\n\t\t\t\t\t<\/div>\n\t\t<\/section>\n\t\t\t\t<section class=\"elementor-section elementor-top-section elementor-element elementor-element-e847e0c elementor-section-full_width elementor-section-height-min-height elementor-section-content-middle elementor-section-height-default elementor-section-items-middle\" data-id=\"e847e0c\" data-element_type=\"section\" data-settings=\"{&quot;background_background&quot;:&quot;classic&quot;}\">\n\t\t\t\t\t\t<div class=\"elementor-container elementor-column-gap-no\">\n\t\t\t\t\t<div class=\"elementor-column elementor-col-50 elementor-top-column elementor-element elementor-element-133c229\" data-id=\"133c229\" data-element_type=\"column\">\n\t\t\t<div class=\"elementor-widget-wrap elementor-element-populated\">\n\t\t\t\t\t\t<div class=\"elementor-element elementor-element-4c93996 elementor-hidden-mobile elementor-widget elementor-widget-image\" data-id=\"4c93996\" data-element_type=\"widget\" data-widget_type=\"image.default\">\n\t\t\t\t<div class=\"elementor-widget-container\">\n\t\t\t\t\t\t\t\t\t\t\t\t\t<img decoding=\"async\" width=\"768\" height=\"864\" src=\"https:\/\/invivoarts.fr\/wp-content\/uploads\/2025\/04\/Humanidades-2-768x864.png\" class=\"attachment-medium_large size-medium_large wp-image-3489\" alt=\"\" srcset=\"https:\/\/invivoarts.fr\/wp-content\/uploads\/2025\/04\/Humanidades-2-768x864.png 768w, https:\/\/invivoarts.fr\/wp-content\/uploads\/2025\/04\/Humanidades-2-267x300.png 267w, https:\/\/invivoarts.fr\/wp-content\/uploads\/2025\/04\/Humanidades-2-910x1024.png 910w, https:\/\/invivoarts.fr\/wp-content\/uploads\/2025\/04\/Humanidades-2.png 960w\" sizes=\"(max-width: 768px) 100vw, 768px\" \/>\t\t\t\t\t\t\t\t\t\t\t\t\t<\/div>\n\t\t\t\t<\/div>\n\t\t\t\t\t<\/div>\n\t\t<\/div>\n\t\t\t\t<div class=\"elementor-column elementor-col-50 elementor-top-column elementor-element elementor-element-487e882\" data-id=\"487e882\" data-element_type=\"column\">\n\t\t\t<div class=\"elementor-widget-wrap elementor-element-populated\">\n\t\t\t\t\t\t<section class=\"elementor-section elementor-inner-section elementor-element elementor-element-c17db18 elementor-section-full_width elementor-section-height-min-height elementor-section-height-default\" data-id=\"c17db18\" data-element_type=\"section\">\n\t\t\t\t\t\t<div class=\"elementor-container elementor-column-gap-custom\">\n\t\t\t\t\t<div class=\"elementor-column elementor-col-100 elementor-inner-column elementor-element elementor-element-ebd030c\" data-id=\"ebd030c\" data-element_type=\"column\">\n\t\t\t<div class=\"elementor-widget-wrap elementor-element-populated\">\n\t\t\t\t\t\t<div class=\"elementor-element elementor-element-df13f5e elementor-widget__width-initial elementor-widget elementor-widget-text-editor\" data-id=\"df13f5e\" data-element_type=\"widget\" data-widget_type=\"text-editor.default\">\n\t\t\t\t<div class=\"elementor-widget-container\">\n\t\t\t\t\t\t\t<p>Las artes esc\u00e9nicas y cinematogr\u00e1ficas reinventan contextos sociohist\u00f3ricos para explorar emociones humanas y relaciones org\u00e1nicas, instrumentalizando a veces los detalles hist\u00f3ricos en favor de la creatividad.<\/p><p>Invitamos a reflexionar sobre c\u00f3mo las ciencias humanas y sociales modelan las artes esc\u00e9nicas y viceversa, abriendo nuevas perspectivas narrativas y est\u00e9ticas.<\/p>\t\t\t\t\t\t<\/div>\n\t\t\t\t<\/div>\n\t\t\t\t\t<\/div>\n\t\t<\/div>\n\t\t\t\t\t<\/div>\n\t\t<\/section>\n\t\t\t\t\t<\/div>\n\t\t<\/div>\n\t\t\t\t\t<\/div>\n\t\t<\/section>\n\t\t\t\t<section class=\"elementor-section elementor-top-section elementor-element elementor-element-bb14185 elementor-hidden-desktop elementor-section-boxed elementor-section-height-default elementor-section-height-default\" data-id=\"bb14185\" data-element_type=\"section\">\n\t\t\t\t\t\t<div class=\"elementor-container elementor-column-gap-no\">\n\t\t\t\t\t<div class=\"elementor-column elementor-col-100 elementor-top-column elementor-element elementor-element-8020c69\" data-id=\"8020c69\" data-element_type=\"column\">\n\t\t\t<div class=\"elementor-widget-wrap elementor-element-populated\">\n\t\t\t\t\t\t<div class=\"elementor-element elementor-element-5eed2cc elementor-widget elementor-widget-image\" data-id=\"5eed2cc\" data-element_type=\"widget\" data-widget_type=\"image.default\">\n\t\t\t\t<div class=\"elementor-widget-container\">\n\t\t\t\t\t\t\t\t\t\t\t\t\t<img decoding=\"async\" width=\"768\" height=\"864\" src=\"https:\/\/invivoarts.fr\/wp-content\/uploads\/2025\/04\/Humanidades-2-768x864.png\" class=\"attachment-medium_large size-medium_large wp-image-3489\" alt=\"\" srcset=\"https:\/\/invivoarts.fr\/wp-content\/uploads\/2025\/04\/Humanidades-2-768x864.png 768w, https:\/\/invivoarts.fr\/wp-content\/uploads\/2025\/04\/Humanidades-2-267x300.png 267w, https:\/\/invivoarts.fr\/wp-content\/uploads\/2025\/04\/Humanidades-2-910x1024.png 910w, https:\/\/invivoarts.fr\/wp-content\/uploads\/2025\/04\/Humanidades-2.png 960w\" sizes=\"(max-width: 768px) 100vw, 768px\" \/>\t\t\t\t\t\t\t\t\t\t\t\t\t<\/div>\n\t\t\t\t<\/div>\n\t\t\t\t\t<\/div>\n\t\t<\/div>\n\t\t\t\t\t<\/div>\n\t\t<\/section>\n\t\t\t\t<section class=\"elementor-section elementor-top-section elementor-element elementor-element-626d2e5 elementor-section-content-middle elementor-section-boxed elementor-section-height-default elementor-section-height-default\" data-id=\"626d2e5\" data-element_type=\"section\" data-settings=\"{&quot;background_background&quot;:&quot;classic&quot;}\">\n\t\t\t\t\t\t\t<div class=\"elementor-background-overlay\"><\/div>\n\t\t\t\t\t\t\t<div class=\"elementor-container elementor-column-gap-default\">\n\t\t\t\t\t<div class=\"elementor-column elementor-col-100 elementor-top-column elementor-element elementor-element-10625d2\" data-id=\"10625d2\" data-element_type=\"column\" data-settings=\"{&quot;background_background&quot;:&quot;classic&quot;}\">\n\t\t\t<div class=\"elementor-widget-wrap elementor-element-populated\">\n\t\t\t\t\t\t<div class=\"elementor-element elementor-element-dd66af5 elementor-widget elementor-widget-spacer\" data-id=\"dd66af5\" data-element_type=\"widget\" data-widget_type=\"spacer.default\">\n\t\t\t\t<div class=\"elementor-widget-container\">\n\t\t\t\t\t<div class=\"elementor-spacer\">\n\t\t\t<div class=\"elementor-spacer-inner\"><\/div>\n\t\t<\/div>\n\t\t\t\t<\/div>\n\t\t\t\t<\/div>\n\t\t\t\t<div class=\"elementor-element elementor-element-236137d elementor-widget__width-initial elementor-widget-mobile__width-initial elementor-widget elementor-widget-text-editor\" data-id=\"236137d\" data-element_type=\"widget\" data-widget_type=\"text-editor.default\">\n\t\t\t\t<div class=\"elementor-widget-container\">\n\t\t\t\t\t\t\t<p>\u00a1Aporta tus ideas al cl\u00faster <strong>Humanidad(es)<\/strong> y reflexiona sobre c\u00f3mo interact\u00faan las ciencias humanas y las artes esc\u00e9nicas y cinematogr\u00e1ficas!<\/p>\t\t\t\t\t\t<\/div>\n\t\t\t\t<\/div>\n\t\t\t\t<div class=\"elementor-element elementor-element-78c2a50 elementor-align-center elementor-widget elementor-widget-button\" data-id=\"78c2a50\" data-element_type=\"widget\" data-widget_type=\"button.default\">\n\t\t\t\t<div class=\"elementor-widget-container\">\n\t\t\t\t\t<div class=\"elementor-button-wrapper\">\n\t\t\t<a class=\"elementor-button elementor-button-link elementor-size-sm\" href=\"https:\/\/invivoarts.fr\/?page_id=3122&#038;lang=es\">\n\t\t\t\t\t\t<span class=\"elementor-button-content-wrapper\">\n\t\t\t\t\t\t\t\t\t<span class=\"elementor-button-text\">\u00a1PUBLICA CON NOSOTROS!<\/span>\n\t\t\t\t\t<\/span>\n\t\t\t\t\t<\/a>\n\t\t<\/div>\n\t\t\t\t<\/div>\n\t\t\t\t<\/div>\n\t\t\t\t<div class=\"elementor-element elementor-element-9f9bcd8 elementor-widget elementor-widget-spacer\" data-id=\"9f9bcd8\" data-element_type=\"widget\" data-widget_type=\"spacer.default\">\n\t\t\t\t<div class=\"elementor-widget-container\">\n\t\t\t\t\t<div class=\"elementor-spacer\">\n\t\t\t<div class=\"elementor-spacer-inner\"><\/div>\n\t\t<\/div>\n\t\t\t\t<\/div>\n\t\t\t\t<\/div>\n\t\t\t\t\t<\/div>\n\t\t<\/div>\n\t\t\t\t\t<\/div>\n\t\t<\/section>\n\t\t\t\t<section class=\"elementor-section elementor-top-section elementor-element elementor-element-6865a1a elementor-section-content-middle elementor-section-boxed elementor-section-height-default elementor-section-height-default\" data-id=\"6865a1a\" data-element_type=\"section\" data-settings=\"{&quot;background_background&quot;:&quot;classic&quot;}\">\n\t\t\t\t\t\t<div class=\"elementor-container elementor-column-gap-default\">\n\t\t\t\t\t<div class=\"elementor-column elementor-col-50 elementor-top-column elementor-element elementor-element-36112b1\" data-id=\"36112b1\" data-element_type=\"column\">\n\t\t\t<div class=\"elementor-widget-wrap elementor-element-populated\">\n\t\t\t\t\t\t<div class=\"elementor-element elementor-element-b8c0a5c elementor-position-left elementor-vertical-align-middle elementor-widget__width-initial elementor-mobile-position-left elementor-vertical-align-bottom elementor-widget-mobile__width-initial elementor-view-default elementor-widget elementor-widget-icon-box\" data-id=\"b8c0a5c\" data-element_type=\"widget\" data-widget_type=\"icon-box.default\">\n\t\t\t\t<div class=\"elementor-widget-container\">\n\t\t\t\t\t<div class=\"elementor-icon-box-wrapper\">\n\n\t\t\t\t\t\t<div class=\"elementor-icon-box-icon\">\n\t\t\t\t<a href=\"https:\/\/bsky.app\/profile\/invivoarts.bsky.social\" target=\"_blank\" class=\"elementor-icon elementor-animation-\" tabindex=\"-1\">\n\t\t\t\t<svg xmlns=\"http:\/\/www.w3.org\/2000\/svg\" width=\"46.6\" height=\"41.03\" viewBox=\"0 0 46.6 41.03\"><path id=\"Bluesky_Logo\" d=\"M20.1,12.417C25.44,16.428,31.187,24.56,33.3,28.924c2.11-4.364,7.856-12.5,13.2-16.507,3.855-2.894,10.1-5.133,10.1,1.992,0,1.423-.816,11.954-1.294,13.664-1.663,5.944-7.725,7.46-13.116,6.543,9.424,1.6,11.822,6.917,6.644,12.23C39,56.936,34.7,44.314,33.594,41.08c-.2-.593-.3-.87-.3-.634,0-.236-.1.042-.3.634-1.1,3.234-5.4,15.857-15.236,5.766-5.178-5.313-2.78-10.626,6.644-12.23-5.392.918-11.453-.6-13.116-6.543C10.812,26.363,10,15.832,10,14.409c0-7.125,6.246-4.886,10.1-1.992Z\" transform=\"translate(-9.997 -9.655)\" fill=\"#f2f2f2\"><\/path><\/svg>\t\t\t\t<\/a>\n\t\t\t<\/div>\n\t\t\t\n\t\t\t\t\t\t<div class=\"elementor-icon-box-content\">\n\n\t\t\t\t\t\t\t\t\t<h6 class=\"elementor-icon-box-title\">\n\t\t\t\t\t\t<a href=\"https:\/\/bsky.app\/profile\/invivoarts.bsky.social\" target=\"_blank\" >\n\t\t\t\t\t\t\t@InVivoArts\t\t\t\t\t\t<\/a>\n\t\t\t\t\t<\/h6>\n\t\t\t\t\n\t\t\t\t\n\t\t\t<\/div>\n\t\t\t\n\t\t<\/div>\n\t\t\t\t<\/div>\n\t\t\t\t<\/div>\n\t\t\t\t\t<\/div>\n\t\t<\/div>\n\t\t\t\t<div class=\"elementor-column elementor-col-50 elementor-top-column elementor-element elementor-element-22d11d5\" data-id=\"22d11d5\" data-element_type=\"column\">\n\t\t\t<div class=\"elementor-widget-wrap elementor-element-populated\">\n\t\t\t\t\t\t<div class=\"elementor-element elementor-element-676e27f elementor-position-left elementor-vertical-align-middle elementor-widget__width-initial elementor-mobile-position-left elementor-widget-mobile__width-initial elementor-vertical-align-middle elementor-view-default elementor-widget elementor-widget-icon-box\" data-id=\"676e27f\" data-element_type=\"widget\" data-widget_type=\"icon-box.default\">\n\t\t\t\t<div class=\"elementor-widget-container\">\n\t\t\t\t\t<div class=\"elementor-icon-box-wrapper\">\n\n\t\t\t\t\t\t<div class=\"elementor-icon-box-icon\">\n\t\t\t\t<span  class=\"elementor-icon elementor-animation-\">\n\t\t\t\t<svg xmlns=\"http:\/\/www.w3.org\/2000\/svg\" width=\"48.945\" height=\"41.03\" viewBox=\"0 0 48.945 41.03\"><path id=\"Trazado_39\" data-name=\"Trazado 39\" d=\"M43.089,44.589H8.174a7.022,7.022,0,0,1-7.015-7.015v-27A7.022,7.022,0,0,1,8.174,3.559H43.089A7.022,7.022,0,0,1,50.1,10.574v27a7.022,7.022,0,0,1-7.015,7.015ZM6.072,40.638a3.7,3.7,0,0,0,2.1.653H43.089a3.7,3.7,0,0,0,2.1-.654L34.753,22.815l-5.762,6.377a4.515,4.515,0,0,1-6.722,0l-5.758-6.373ZM4.584,9.612a3.678,3.678,0,0,0-.126.961v26.3l9.735-16.62ZM37.071,20.249l9.735,16.62V10.574a3.7,3.7,0,0,0-.126-.961ZM6.783,7.127,24.719,26.981a1.243,1.243,0,0,0,1.82,0L44.481,7.128a3.689,3.689,0,0,0-1.391-.271H8.174a3.7,3.7,0,0,0-1.391.27Z\" transform=\"translate(-1.159 -3.559)\" fill=\"#f2f2f2\"><\/path><\/svg>\t\t\t\t<\/span>\n\t\t\t<\/div>\n\t\t\t\n\t\t\t\t\t\t<div class=\"elementor-icon-box-content\">\n\n\t\t\t\t\t\t\t\t\t<h6 class=\"elementor-icon-box-title\">\n\t\t\t\t\t\t<span  >\n\t\t\t\t\t\t\tinvivoarts@gmail.com\t\t\t\t\t\t<\/span>\n\t\t\t\t\t<\/h6>\n\t\t\t\t\n\t\t\t\t\n\t\t\t<\/div>\n\t\t\t\n\t\t<\/div>\n\t\t\t\t<\/div>\n\t\t\t\t<\/div>\n\t\t\t\t\t<\/div>\n\t\t<\/div>\n\t\t\t\t\t<\/div>\n\t\t<\/section>\n\t\t\t\t<\/div>\n\t\t","protected":false},"excerpt":{"rendered":"<p>Humanidad(es) Este cl\u00faster explora c\u00f3mo las artes esc\u00e9nicas y cinematogr\u00e1ficas utilizan las ciencias humanas y sociales (historia, antropolog\u00eda, sociolog\u00eda, derecho\u2026) como objetos de la creaci\u00f3n a trav\u00e9s de subjetividades y narrativas que transforman nuestra comprensi\u00f3n del mundo en su desarrollo sociohist\u00f3rico. Las artes esc\u00e9nicas pueden transformar las ciencias humanas y sociales (y sus objetos de [&hellip;]<\/p>\n","protected":false},"author":1,"featured_media":0,"parent":0,"menu_order":0,"comment_status":"closed","ping_status":"closed","template":"","meta":{"_uag_custom_page_level_css":"","site-sidebar-layout":"no-sidebar","site-content-layout":"page-builder","ast-site-content-layout":"","site-content-style":"default","site-sidebar-style":"default","ast-global-header-display":"","ast-banner-title-visibility":"","ast-main-header-display":"","ast-hfb-above-header-display":"","ast-hfb-below-header-display":"","ast-hfb-mobile-header-display":"","site-post-title":"disabled","ast-breadcrumbs-content":"","ast-featured-img":"disabled","footer-sml-layout":"","theme-transparent-header-meta":"","adv-header-id-meta":"","stick-header-meta":"","header-above-stick-meta":"","header-main-stick-meta":"","header-below-stick-meta":"","astra-migrate-meta-layouts":"default","ast-page-background-enabled":"default","ast-page-background-meta":{"desktop":{"background-color":"","background-image":"","background-repeat":"repeat","background-position":"center center","background-size":"auto","background-attachment":"scroll","background-type":"","background-media":"","overlay-type":"","overlay-color":"","overlay-opacity":"","overlay-gradient":""},"tablet":{"background-color":"","background-image":"","background-repeat":"repeat","background-position":"center center","background-size":"auto","background-attachment":"scroll","background-type":"","background-media":"","overlay-type":"","overlay-color":"","overlay-opacity":"","overlay-gradient":""},"mobile":{"background-color":"","background-image":"","background-repeat":"repeat","background-position":"center center","background-size":"auto","background-attachment":"scroll","background-type":"","background-media":"","overlay-type":"","overlay-color":"","overlay-opacity":"","overlay-gradient":""}},"ast-content-background-meta":{"desktop":{"background-color":"var(--ast-global-color-5)","background-image":"","background-repeat":"repeat","background-position":"center center","background-size":"auto","background-attachment":"scroll","background-type":"","background-media":"","overlay-type":"","overlay-color":"","overlay-opacity":"","overlay-gradient":""},"tablet":{"background-color":"var(--ast-global-color-5)","background-image":"","background-repeat":"repeat","background-position":"center center","background-size":"auto","background-attachment":"scroll","background-type":"","background-media":"","overlay-type":"","overlay-color":"","overlay-opacity":"","overlay-gradient":""},"mobile":{"background-color":"var(--ast-global-color-5)","background-image":"","background-repeat":"repeat","background-position":"center center","background-size":"auto","background-attachment":"scroll","background-type":"","background-media":"","overlay-type":"","overlay-color":"","overlay-opacity":"","overlay-gradient":""}},"footnotes":""},"class_list":["post-2799","page","type-page","status-publish","hentry"],"uagb_featured_image_src":{"full":false,"thumbnail":false,"medium":false,"medium_large":false,"large":false,"1536x1536":false,"2048x2048":false},"uagb_author_info":{"display_name":"admin","author_link":"https:\/\/invivoarts.fr\/?author=1"},"uagb_comment_info":0,"uagb_excerpt":"Humanidad(es) Este cl\u00faster explora c\u00f3mo las artes esc\u00e9nicas y cinematogr\u00e1ficas utilizan las ciencias humanas y sociales (historia, antropolog\u00eda, sociolog\u00eda, derecho\u2026) como objetos de la creaci\u00f3n a trav\u00e9s de subjetividades y narrativas que transforman nuestra comprensi\u00f3n del mundo en su desarrollo sociohist\u00f3rico. Las artes esc\u00e9nicas pueden transformar las ciencias humanas y sociales (y sus objetos de&hellip;","_links":{"self":[{"href":"https:\/\/invivoarts.fr\/index.php?rest_route=\/wp\/v2\/pages\/2799","targetHints":{"allow":["GET"]}}],"collection":[{"href":"https:\/\/invivoarts.fr\/index.php?rest_route=\/wp\/v2\/pages"}],"about":[{"href":"https:\/\/invivoarts.fr\/index.php?rest_route=\/wp\/v2\/types\/page"}],"author":[{"embeddable":true,"href":"https:\/\/invivoarts.fr\/index.php?rest_route=\/wp\/v2\/users\/1"}],"replies":[{"embeddable":true,"href":"https:\/\/invivoarts.fr\/index.php?rest_route=%2Fwp%2Fv2%2Fcomments&post=2799"}],"version-history":[{"count":50,"href":"https:\/\/invivoarts.fr\/index.php?rest_route=\/wp\/v2\/pages\/2799\/revisions"}],"predecessor-version":[{"id":4236,"href":"https:\/\/invivoarts.fr\/index.php?rest_route=\/wp\/v2\/pages\/2799\/revisions\/4236"}],"wp:attachment":[{"href":"https:\/\/invivoarts.fr\/index.php?rest_route=%2Fwp%2Fv2%2Fmedia&parent=2799"}],"curies":[{"name":"wp","href":"https:\/\/api.w.org\/{rel}","templated":true}]}}