{"id":2803,"date":"2024-04-17T15:15:09","date_gmt":"2024-04-17T15:15:09","guid":{"rendered":"http:\/\/invivoarts.fr\/?page_id=2803"},"modified":"2025-04-30T05:44:25","modified_gmt":"2025-04-30T05:44:25","slug":"pluralites-spaniola","status":"publish","type":"page","link":"https:\/\/invivoarts.fr\/?page_id=2803&lang=es","title":{"rendered":"PLURALIDAD(es)"},"content":{"rendered":"\t\t<div data-elementor-type=\"wp-page\" data-elementor-id=\"2803\" class=\"elementor elementor-2803\">\n\t\t\t\t\t\t<section class=\"elementor-section elementor-top-section elementor-element elementor-element-39b22e3 elementor-section-height-min-height elementor-section-content-middle elementor-section-boxed elementor-section-height-default elementor-section-items-middle\" data-id=\"39b22e3\" data-element_type=\"section\" data-settings=\"{&quot;background_background&quot;:&quot;slideshow&quot;,&quot;background_slideshow_gallery&quot;:[{&quot;id&quot;:3726,&quot;url&quot;:&quot;https:\\\/\\\/invivoarts.fr\\\/wp-content\\\/uploads\\\/2025\\\/04\\\/Grupo-402.jpg&quot;}],&quot;background_slideshow_loop&quot;:&quot;yes&quot;,&quot;background_slideshow_slide_duration&quot;:5000,&quot;background_slideshow_slide_transition&quot;:&quot;fade&quot;,&quot;background_slideshow_transition_duration&quot;:500}\">\n\t\t\t\t\t\t<div class=\"elementor-container elementor-column-gap-wide\">\n\t\t\t\t\t<div class=\"elementor-column elementor-col-50 elementor-top-column elementor-element elementor-element-5c08e76\" data-id=\"5c08e76\" data-element_type=\"column\">\n\t\t\t<div class=\"elementor-widget-wrap elementor-element-populated\">\n\t\t\t\t\t\t<div class=\"elementor-element elementor-element-6e28ce1 elementor-widget-mobile__width-initial elementor-widget elementor-widget-text-editor\" data-id=\"6e28ce1\" data-element_type=\"widget\" data-widget_type=\"text-editor.default\">\n\t\t\t\t<div class=\"elementor-widget-container\">\n\t\t\t\t\t\t\t<p>Pluralidad(es)<\/p>\t\t\t\t\t\t<\/div>\n\t\t\t\t<\/div>\n\t\t\t\t<div class=\"elementor-element elementor-element-bbaf9f1 elementor-widget__width-initial elementor-widget-mobile__width-initial elementor-widget elementor-widget-text-editor\" data-id=\"bbaf9f1\" data-element_type=\"widget\" data-widget_type=\"text-editor.default\">\n\t\t\t\t<div class=\"elementor-widget-container\">\n\t\t\t\t\t\t\t<p>Este cl\u00faster explora c\u00f3mo la diversidad cultural enriquece las artes esc\u00e9nicas, socavando visiones conflictivas y resaltando la necesidad crucial de fomentar las conexiones globales en la creaci\u00f3n art\u00edstica.<\/p>\t\t\t\t\t\t<\/div>\n\t\t\t\t<\/div>\n\t\t\t\t\t<\/div>\n\t\t<\/div>\n\t\t\t\t<div class=\"elementor-column elementor-col-50 elementor-top-column elementor-element elementor-element-8c1ba8b\" data-id=\"8c1ba8b\" data-element_type=\"column\">\n\t\t\t<div class=\"elementor-widget-wrap\">\n\t\t\t\t\t\t\t<\/div>\n\t\t<\/div>\n\t\t\t\t\t<\/div>\n\t\t<\/section>\n\t\t\t\t<section class=\"elementor-section elementor-top-section elementor-element elementor-element-6c8f2ba elementor-section-full_width elementor-section-content-middle elementor-section-height-default elementor-section-height-default\" data-id=\"6c8f2ba\" data-element_type=\"section\">\n\t\t\t\t\t\t<div class=\"elementor-container elementor-column-gap-no\">\n\t\t\t\t\t<div class=\"elementor-column elementor-col-50 elementor-top-column elementor-element elementor-element-e1cbc48\" data-id=\"e1cbc48\" data-element_type=\"column\">\n\t\t\t<div class=\"elementor-widget-wrap elementor-element-populated\">\n\t\t\t\t\t\t<section class=\"elementor-section elementor-inner-section elementor-element elementor-element-7963f5e elementor-section-content-middle elementor-section-full_width elementor-section-height-default elementor-section-height-default\" data-id=\"7963f5e\" data-element_type=\"section\">\n\t\t\t\t\t\t<div class=\"elementor-container elementor-column-gap-custom\">\n\t\t\t\t\t<div class=\"elementor-column elementor-col-100 elementor-inner-column elementor-element elementor-element-9e631a0\" data-id=\"9e631a0\" data-element_type=\"column\">\n\t\t\t<div class=\"elementor-widget-wrap elementor-element-populated\">\n\t\t\t\t\t\t<div class=\"elementor-element elementor-element-5b9b18b elementor-widget__width-initial elementor-widget-mobile__width-initial elementor-widget elementor-widget-text-editor\" data-id=\"5b9b18b\" data-element_type=\"widget\" data-widget_type=\"text-editor.default\">\n\t\t\t\t<div class=\"elementor-widget-container\">\n\t\t\t\t\t\t\t<p>Analizamos c\u00f3mo las artes esc\u00e9nicas reflejan las especificidades culturales en un contexto global, rompiendo fronteras y destacando nuevas perspectivas creativas.<\/p><p>Exploramos c\u00f3mo elementos de distintas culturas se reinterpretan, transforman y enriquecen mutuamente a trav\u00e9s de procesos de circulaci\u00f3n, adaptaci\u00f3n, recepci\u00f3n, etc., en las artes esc\u00e9nicas.<\/p>\t\t\t\t\t\t<\/div>\n\t\t\t\t<\/div>\n\t\t\t\t\t<\/div>\n\t\t<\/div>\n\t\t\t\t\t<\/div>\n\t\t<\/section>\n\t\t\t\t\t<\/div>\n\t\t<\/div>\n\t\t\t\t<div class=\"elementor-column elementor-col-50 elementor-top-column elementor-element elementor-element-16bfdda\" data-id=\"16bfdda\" data-element_type=\"column\">\n\t\t\t<div class=\"elementor-widget-wrap elementor-element-populated\">\n\t\t\t\t\t\t<div class=\"elementor-element elementor-element-2e93dcc elementor-hidden-tablet elementor-hidden-mobile elementor-widget elementor-widget-image\" data-id=\"2e93dcc\" data-element_type=\"widget\" data-widget_type=\"image.default\">\n\t\t\t\t<div class=\"elementor-widget-container\">\n\t\t\t\t\t\t\t\t\t\t\t\t\t<img fetchpriority=\"high\" decoding=\"async\" width=\"768\" height=\"864\" src=\"https:\/\/invivoarts.fr\/wp-content\/uploads\/2025\/04\/Pluralidades-1-1-768x864.png\" class=\"attachment-medium_large size-medium_large wp-image-3502\" alt=\"\" srcset=\"https:\/\/invivoarts.fr\/wp-content\/uploads\/2025\/04\/Pluralidades-1-1-768x864.png 768w, https:\/\/invivoarts.fr\/wp-content\/uploads\/2025\/04\/Pluralidades-1-1-267x300.png 267w, https:\/\/invivoarts.fr\/wp-content\/uploads\/2025\/04\/Pluralidades-1-1-910x1024.png 910w, https:\/\/invivoarts.fr\/wp-content\/uploads\/2025\/04\/Pluralidades-1-1.png 960w\" sizes=\"(max-width: 768px) 100vw, 768px\" \/>\t\t\t\t\t\t\t\t\t\t\t\t\t<\/div>\n\t\t\t\t<\/div>\n\t\t\t\t\t<\/div>\n\t\t<\/div>\n\t\t\t\t\t<\/div>\n\t\t<\/section>\n\t\t\t\t<section class=\"elementor-section elementor-top-section elementor-element elementor-element-635887f elementor-hidden-desktop elementor-section-boxed elementor-section-height-default elementor-section-height-default\" data-id=\"635887f\" data-element_type=\"section\">\n\t\t\t\t\t\t<div class=\"elementor-container elementor-column-gap-no\">\n\t\t\t\t\t<div class=\"elementor-column elementor-col-100 elementor-top-column elementor-element elementor-element-e051b93\" data-id=\"e051b93\" data-element_type=\"column\">\n\t\t\t<div class=\"elementor-widget-wrap elementor-element-populated\">\n\t\t\t\t\t\t<div class=\"elementor-element elementor-element-ceed689 elementor-widget elementor-widget-image\" data-id=\"ceed689\" data-element_type=\"widget\" data-widget_type=\"image.default\">\n\t\t\t\t<div class=\"elementor-widget-container\">\n\t\t\t\t\t\t\t\t\t\t\t\t\t<img fetchpriority=\"high\" decoding=\"async\" width=\"768\" height=\"864\" src=\"https:\/\/invivoarts.fr\/wp-content\/uploads\/2025\/04\/Pluralidades-1-1-768x864.png\" class=\"attachment-medium_large size-medium_large wp-image-3502\" alt=\"\" srcset=\"https:\/\/invivoarts.fr\/wp-content\/uploads\/2025\/04\/Pluralidades-1-1-768x864.png 768w, https:\/\/invivoarts.fr\/wp-content\/uploads\/2025\/04\/Pluralidades-1-1-267x300.png 267w, https:\/\/invivoarts.fr\/wp-content\/uploads\/2025\/04\/Pluralidades-1-1-910x1024.png 910w, https:\/\/invivoarts.fr\/wp-content\/uploads\/2025\/04\/Pluralidades-1-1.png 960w\" sizes=\"(max-width: 768px) 100vw, 768px\" \/>\t\t\t\t\t\t\t\t\t\t\t\t\t<\/div>\n\t\t\t\t<\/div>\n\t\t\t\t\t<\/div>\n\t\t<\/div>\n\t\t\t\t\t<\/div>\n\t\t<\/section>\n\t\t\t\t<section class=\"elementor-section elementor-top-section elementor-element elementor-element-4126748 elementor-section-full_width elementor-section-height-min-height elementor-section-content-middle elementor-section-height-default elementor-section-items-middle\" data-id=\"4126748\" data-element_type=\"section\">\n\t\t\t\t\t\t<div class=\"elementor-container elementor-column-gap-no\">\n\t\t\t\t\t<div class=\"elementor-column elementor-col-50 elementor-top-column elementor-element elementor-element-b183945\" data-id=\"b183945\" data-element_type=\"column\">\n\t\t\t<div class=\"elementor-widget-wrap elementor-element-populated\">\n\t\t\t\t\t\t<div class=\"elementor-element elementor-element-6c73e13 elementor-hidden-mobile elementor-widget elementor-widget-image\" data-id=\"6c73e13\" data-element_type=\"widget\" data-widget_type=\"image.default\">\n\t\t\t\t<div class=\"elementor-widget-container\">\n\t\t\t\t\t\t\t\t\t\t\t\t\t<img decoding=\"async\" width=\"768\" height=\"864\" src=\"https:\/\/invivoarts.fr\/wp-content\/uploads\/2025\/04\/Pluralidades22-768x864.png\" class=\"attachment-medium_large size-medium_large wp-image-3730\" alt=\"\" srcset=\"https:\/\/invivoarts.fr\/wp-content\/uploads\/2025\/04\/Pluralidades22-768x864.png 768w, https:\/\/invivoarts.fr\/wp-content\/uploads\/2025\/04\/Pluralidades22-267x300.png 267w, https:\/\/invivoarts.fr\/wp-content\/uploads\/2025\/04\/Pluralidades22-910x1024.png 910w, https:\/\/invivoarts.fr\/wp-content\/uploads\/2025\/04\/Pluralidades22.png 960w\" sizes=\"(max-width: 768px) 100vw, 768px\" \/>\t\t\t\t\t\t\t\t\t\t\t\t\t<\/div>\n\t\t\t\t<\/div>\n\t\t\t\t\t<\/div>\n\t\t<\/div>\n\t\t\t\t<div class=\"elementor-column elementor-col-50 elementor-top-column elementor-element elementor-element-0d128ba\" data-id=\"0d128ba\" data-element_type=\"column\">\n\t\t\t<div class=\"elementor-widget-wrap elementor-element-populated\">\n\t\t\t\t\t\t<section class=\"elementor-section elementor-inner-section elementor-element elementor-element-66fe280 elementor-section-full_width elementor-section-height-min-height elementor-section-height-default\" data-id=\"66fe280\" data-element_type=\"section\">\n\t\t\t\t\t\t<div class=\"elementor-container elementor-column-gap-custom\">\n\t\t\t\t\t<div class=\"elementor-column elementor-col-100 elementor-inner-column elementor-element elementor-element-eb3ea10\" data-id=\"eb3ea10\" data-element_type=\"column\">\n\t\t\t<div class=\"elementor-widget-wrap elementor-element-populated\">\n\t\t\t\t\t\t<div class=\"elementor-element elementor-element-a9e7be0 elementor-widget__width-initial elementor-widget elementor-widget-text-editor\" data-id=\"a9e7be0\" data-element_type=\"widget\" data-widget_type=\"text-editor.default\">\n\t\t\t\t<div class=\"elementor-widget-container\">\n\t\t\t\t\t\t\t<p>Reflexionamos sobre c\u00f3mo artistas de diferentes or\u00edgenes sociales, \u00e9tnicos y generacionales abordan y representan la diversidad cultural en sus obras, as\u00ed como las pol\u00edticas p\u00fablicas tratan los temas de diversidad e inclusi\u00f3n en las artes esc\u00e9nicas.<\/p>\t\t\t\t\t\t<\/div>\n\t\t\t\t<\/div>\n\t\t\t\t\t<\/div>\n\t\t<\/div>\n\t\t\t\t\t<\/div>\n\t\t<\/section>\n\t\t\t\t\t<\/div>\n\t\t<\/div>\n\t\t\t\t\t<\/div>\n\t\t<\/section>\n\t\t\t\t<section class=\"elementor-section elementor-top-section elementor-element elementor-element-f7a5c91 elementor-hidden-desktop elementor-section-boxed elementor-section-height-default elementor-section-height-default\" data-id=\"f7a5c91\" data-element_type=\"section\">\n\t\t\t\t\t\t<div class=\"elementor-container elementor-column-gap-no\">\n\t\t\t\t\t<div class=\"elementor-column elementor-col-100 elementor-top-column elementor-element elementor-element-3bd8f4d\" data-id=\"3bd8f4d\" data-element_type=\"column\">\n\t\t\t<div class=\"elementor-widget-wrap elementor-element-populated\">\n\t\t\t\t\t\t<div class=\"elementor-element elementor-element-0551839 elementor-widget elementor-widget-image\" data-id=\"0551839\" data-element_type=\"widget\" data-widget_type=\"image.default\">\n\t\t\t\t<div class=\"elementor-widget-container\">\n\t\t\t\t\t\t\t\t\t\t\t\t\t<img decoding=\"async\" width=\"768\" height=\"864\" src=\"https:\/\/invivoarts.fr\/wp-content\/uploads\/2025\/04\/Pluralidades2-768x864.jpg\" class=\"attachment-medium_large size-medium_large wp-image-3307\" alt=\"\" srcset=\"https:\/\/invivoarts.fr\/wp-content\/uploads\/2025\/04\/Pluralidades2-768x864.jpg 768w, https:\/\/invivoarts.fr\/wp-content\/uploads\/2025\/04\/Pluralidades2-267x300.jpg 267w, https:\/\/invivoarts.fr\/wp-content\/uploads\/2025\/04\/Pluralidades2-910x1024.jpg 910w, https:\/\/invivoarts.fr\/wp-content\/uploads\/2025\/04\/Pluralidades2.jpg 960w\" sizes=\"(max-width: 768px) 100vw, 768px\" \/>\t\t\t\t\t\t\t\t\t\t\t\t\t<\/div>\n\t\t\t\t<\/div>\n\t\t\t\t\t<\/div>\n\t\t<\/div>\n\t\t\t\t\t<\/div>\n\t\t<\/section>\n\t\t\t\t<section class=\"elementor-section elementor-top-section elementor-element elementor-element-abbfe62 elementor-section-content-middle elementor-section-boxed elementor-section-height-default elementor-section-height-default\" data-id=\"abbfe62\" data-element_type=\"section\" data-settings=\"{&quot;background_background&quot;:&quot;classic&quot;}\">\n\t\t\t\t\t\t\t<div class=\"elementor-background-overlay\"><\/div>\n\t\t\t\t\t\t\t<div class=\"elementor-container elementor-column-gap-default\">\n\t\t\t\t\t<div class=\"elementor-column elementor-col-100 elementor-top-column elementor-element elementor-element-0c7fbde\" data-id=\"0c7fbde\" data-element_type=\"column\" data-settings=\"{&quot;background_background&quot;:&quot;classic&quot;}\">\n\t\t\t<div class=\"elementor-widget-wrap elementor-element-populated\">\n\t\t\t\t\t\t<div class=\"elementor-element elementor-element-b8c8fa3 elementor-widget elementor-widget-spacer\" data-id=\"b8c8fa3\" data-element_type=\"widget\" data-widget_type=\"spacer.default\">\n\t\t\t\t<div class=\"elementor-widget-container\">\n\t\t\t\t\t<div class=\"elementor-spacer\">\n\t\t\t<div class=\"elementor-spacer-inner\"><\/div>\n\t\t<\/div>\n\t\t\t\t<\/div>\n\t\t\t\t<\/div>\n\t\t\t\t<div class=\"elementor-element elementor-element-0e30d57 elementor-widget__width-initial elementor-widget elementor-widget-text-editor\" data-id=\"0e30d57\" data-element_type=\"widget\" data-widget_type=\"text-editor.default\">\n\t\t\t\t<div class=\"elementor-widget-container\">\n\t\t\t\t\t\t\t<strong>Pluralidad(es)<\/strong> invita a investigadorxs y artistas a compartir proyectos que investiguen c\u00f3mo la\n<div>\ndiversidad cultural influye en las artes esc\u00e9nicas.\n\n<\/div>\t\t\t\t\t\t<\/div>\n\t\t\t\t<\/div>\n\t\t\t\t<div class=\"elementor-element elementor-element-0fa7597 elementor-align-center elementor-widget elementor-widget-button\" data-id=\"0fa7597\" data-element_type=\"widget\" data-widget_type=\"button.default\">\n\t\t\t\t<div class=\"elementor-widget-container\">\n\t\t\t\t\t<div class=\"elementor-button-wrapper\">\n\t\t\t<a class=\"elementor-button elementor-button-link elementor-size-sm\" href=\"https:\/\/invivoarts.fr\/?page_id=3122&#038;lang=es\">\n\t\t\t\t\t\t<span class=\"elementor-button-content-wrapper\">\n\t\t\t\t\t\t\t\t\t<span class=\"elementor-button-text\">\u00a1PUBLICA CON NOSOTROS!<\/span>\n\t\t\t\t\t<\/span>\n\t\t\t\t\t<\/a>\n\t\t<\/div>\n\t\t\t\t<\/div>\n\t\t\t\t<\/div>\n\t\t\t\t<div class=\"elementor-element elementor-element-cbf8b19 elementor-widget elementor-widget-spacer\" data-id=\"cbf8b19\" data-element_type=\"widget\" data-widget_type=\"spacer.default\">\n\t\t\t\t<div class=\"elementor-widget-container\">\n\t\t\t\t\t<div class=\"elementor-spacer\">\n\t\t\t<div class=\"elementor-spacer-inner\"><\/div>\n\t\t<\/div>\n\t\t\t\t<\/div>\n\t\t\t\t<\/div>\n\t\t\t\t\t<\/div>\n\t\t<\/div>\n\t\t\t\t\t<\/div>\n\t\t<\/section>\n\t\t\t\t<section class=\"elementor-section elementor-top-section elementor-element elementor-element-1fe5ef3 elementor-section-content-middle elementor-section-boxed elementor-section-height-default elementor-section-height-default\" data-id=\"1fe5ef3\" data-element_type=\"section\" data-settings=\"{&quot;background_background&quot;:&quot;classic&quot;}\">\n\t\t\t\t\t\t<div class=\"elementor-container elementor-column-gap-default\">\n\t\t\t\t\t<div class=\"elementor-column elementor-col-50 elementor-top-column elementor-element elementor-element-f7e50ca\" data-id=\"f7e50ca\" data-element_type=\"column\">\n\t\t\t<div class=\"elementor-widget-wrap elementor-element-populated\">\n\t\t\t\t\t\t<div class=\"elementor-element elementor-element-d1f7507 elementor-position-left elementor-vertical-align-middle elementor-widget__width-initial elementor-mobile-position-left elementor-vertical-align-bottom elementor-widget-mobile__width-initial elementor-view-default elementor-widget elementor-widget-icon-box\" data-id=\"d1f7507\" data-element_type=\"widget\" data-widget_type=\"icon-box.default\">\n\t\t\t\t<div class=\"elementor-widget-container\">\n\t\t\t\t\t<div class=\"elementor-icon-box-wrapper\">\n\n\t\t\t\t\t\t<div class=\"elementor-icon-box-icon\">\n\t\t\t\t<a href=\"https:\/\/bsky.app\/profile\/invivoarts.bsky.social\" target=\"_blank\" class=\"elementor-icon elementor-animation-\" tabindex=\"-1\">\n\t\t\t\t<svg xmlns=\"http:\/\/www.w3.org\/2000\/svg\" width=\"46.6\" height=\"41.03\" viewBox=\"0 0 46.6 41.03\"><path id=\"Bluesky_Logo\" d=\"M20.1,12.417C25.44,16.428,31.187,24.56,33.3,28.924c2.11-4.364,7.856-12.5,13.2-16.507,3.855-2.894,10.1-5.133,10.1,1.992,0,1.423-.816,11.954-1.294,13.664-1.663,5.944-7.725,7.46-13.116,6.543,9.424,1.6,11.822,6.917,6.644,12.23C39,56.936,34.7,44.314,33.594,41.08c-.2-.593-.3-.87-.3-.634,0-.236-.1.042-.3.634-1.1,3.234-5.4,15.857-15.236,5.766-5.178-5.313-2.78-10.626,6.644-12.23-5.392.918-11.453-.6-13.116-6.543C10.812,26.363,10,15.832,10,14.409c0-7.125,6.246-4.886,10.1-1.992Z\" transform=\"translate(-9.997 -9.655)\" fill=\"#f2f2f2\"><\/path><\/svg>\t\t\t\t<\/a>\n\t\t\t<\/div>\n\t\t\t\n\t\t\t\t\t\t<div class=\"elementor-icon-box-content\">\n\n\t\t\t\t\t\t\t\t\t<h6 class=\"elementor-icon-box-title\">\n\t\t\t\t\t\t<a href=\"https:\/\/bsky.app\/profile\/invivoarts.bsky.social\" target=\"_blank\" >\n\t\t\t\t\t\t\t@InVivoArts\t\t\t\t\t\t<\/a>\n\t\t\t\t\t<\/h6>\n\t\t\t\t\n\t\t\t\t\n\t\t\t<\/div>\n\t\t\t\n\t\t<\/div>\n\t\t\t\t<\/div>\n\t\t\t\t<\/div>\n\t\t\t\t\t<\/div>\n\t\t<\/div>\n\t\t\t\t<div class=\"elementor-column elementor-col-50 elementor-top-column elementor-element elementor-element-5910d4f\" data-id=\"5910d4f\" data-element_type=\"column\">\n\t\t\t<div class=\"elementor-widget-wrap elementor-element-populated\">\n\t\t\t\t\t\t<div class=\"elementor-element elementor-element-dfabbca elementor-position-left elementor-vertical-align-middle elementor-widget__width-initial elementor-mobile-position-left elementor-widget-mobile__width-initial elementor-vertical-align-middle elementor-view-default elementor-widget elementor-widget-icon-box\" data-id=\"dfabbca\" data-element_type=\"widget\" data-widget_type=\"icon-box.default\">\n\t\t\t\t<div class=\"elementor-widget-container\">\n\t\t\t\t\t<div class=\"elementor-icon-box-wrapper\">\n\n\t\t\t\t\t\t<div class=\"elementor-icon-box-icon\">\n\t\t\t\t<span  class=\"elementor-icon elementor-animation-\">\n\t\t\t\t<svg xmlns=\"http:\/\/www.w3.org\/2000\/svg\" width=\"48.945\" height=\"41.03\" viewBox=\"0 0 48.945 41.03\"><path id=\"Trazado_39\" data-name=\"Trazado 39\" d=\"M43.089,44.589H8.174a7.022,7.022,0,0,1-7.015-7.015v-27A7.022,7.022,0,0,1,8.174,3.559H43.089A7.022,7.022,0,0,1,50.1,10.574v27a7.022,7.022,0,0,1-7.015,7.015ZM6.072,40.638a3.7,3.7,0,0,0,2.1.653H43.089a3.7,3.7,0,0,0,2.1-.654L34.753,22.815l-5.762,6.377a4.515,4.515,0,0,1-6.722,0l-5.758-6.373ZM4.584,9.612a3.678,3.678,0,0,0-.126.961v26.3l9.735-16.62ZM37.071,20.249l9.735,16.62V10.574a3.7,3.7,0,0,0-.126-.961ZM6.783,7.127,24.719,26.981a1.243,1.243,0,0,0,1.82,0L44.481,7.128a3.689,3.689,0,0,0-1.391-.271H8.174a3.7,3.7,0,0,0-1.391.27Z\" transform=\"translate(-1.159 -3.559)\" fill=\"#f2f2f2\"><\/path><\/svg>\t\t\t\t<\/span>\n\t\t\t<\/div>\n\t\t\t\n\t\t\t\t\t\t<div class=\"elementor-icon-box-content\">\n\n\t\t\t\t\t\t\t\t\t<h6 class=\"elementor-icon-box-title\">\n\t\t\t\t\t\t<span  >\n\t\t\t\t\t\t\tinvivoarts@gmail.com\t\t\t\t\t\t<\/span>\n\t\t\t\t\t<\/h6>\n\t\t\t\t\n\t\t\t\t\n\t\t\t<\/div>\n\t\t\t\n\t\t<\/div>\n\t\t\t\t<\/div>\n\t\t\t\t<\/div>\n\t\t\t\t\t<\/div>\n\t\t<\/div>\n\t\t\t\t\t<\/div>\n\t\t<\/section>\n\t\t\t\t<\/div>\n\t\t","protected":false},"excerpt":{"rendered":"<p>Pluralidad(es) Este cl\u00faster explora c\u00f3mo la diversidad cultural enriquece las artes esc\u00e9nicas, socavando visiones conflictivas y resaltando la necesidad crucial de fomentar las conexiones globales en la creaci\u00f3n art\u00edstica. Analizamos c\u00f3mo las artes esc\u00e9nicas reflejan las especificidades culturales en un contexto global, rompiendo fronteras y destacando nuevas perspectivas creativas. Exploramos c\u00f3mo elementos de distintas culturas [&hellip;]<\/p>\n","protected":false},"author":1,"featured_media":0,"parent":0,"menu_order":0,"comment_status":"closed","ping_status":"closed","template":"","meta":{"_uag_custom_page_level_css":"","site-sidebar-layout":"no-sidebar","site-content-layout":"page-builder","ast-site-content-layout":"","site-content-style":"default","site-sidebar-style":"default","ast-global-header-display":"","ast-banner-title-visibility":"","ast-main-header-display":"","ast-hfb-above-header-display":"","ast-hfb-below-header-display":"","ast-hfb-mobile-header-display":"","site-post-title":"disabled","ast-breadcrumbs-content":"","ast-featured-img":"disabled","footer-sml-layout":"","theme-transparent-header-meta":"","adv-header-id-meta":"","stick-header-meta":"","header-above-stick-meta":"","header-main-stick-meta":"","header-below-stick-meta":"","astra-migrate-meta-layouts":"default","ast-page-background-enabled":"default","ast-page-background-meta":{"desktop":{"background-color":"","background-image":"","background-repeat":"repeat","background-position":"center center","background-size":"auto","background-attachment":"scroll","background-type":"","background-media":"","overlay-type":"","overlay-color":"","overlay-opacity":"","overlay-gradient":""},"tablet":{"background-color":"","background-image":"","background-repeat":"repeat","background-position":"center center","background-size":"auto","background-attachment":"scroll","background-type":"","background-media":"","overlay-type":"","overlay-color":"","overlay-opacity":"","overlay-gradient":""},"mobile":{"background-color":"","background-image":"","background-repeat":"repeat","background-position":"center center","background-size":"auto","background-attachment":"scroll","background-type":"","background-media":"","overlay-type":"","overlay-color":"","overlay-opacity":"","overlay-gradient":""}},"ast-content-background-meta":{"desktop":{"background-color":"var(--ast-global-color-5)","background-image":"","background-repeat":"repeat","background-position":"center center","background-size":"auto","background-attachment":"scroll","background-type":"","background-media":"","overlay-type":"","overlay-color":"","overlay-opacity":"","overlay-gradient":""},"tablet":{"background-color":"var(--ast-global-color-5)","background-image":"","background-repeat":"repeat","background-position":"center center","background-size":"auto","background-attachment":"scroll","background-type":"","background-media":"","overlay-type":"","overlay-color":"","overlay-opacity":"","overlay-gradient":""},"mobile":{"background-color":"var(--ast-global-color-5)","background-image":"","background-repeat":"repeat","background-position":"center center","background-size":"auto","background-attachment":"scroll","background-type":"","background-media":"","overlay-type":"","overlay-color":"","overlay-opacity":"","overlay-gradient":""}},"footnotes":""},"class_list":["post-2803","page","type-page","status-publish","hentry"],"uagb_featured_image_src":{"full":false,"thumbnail":false,"medium":false,"medium_large":false,"large":false,"1536x1536":false,"2048x2048":false},"uagb_author_info":{"display_name":"admin","author_link":"https:\/\/invivoarts.fr\/?author=1"},"uagb_comment_info":0,"uagb_excerpt":"Pluralidad(es) Este cl\u00faster explora c\u00f3mo la diversidad cultural enriquece las artes esc\u00e9nicas, socavando visiones conflictivas y resaltando la necesidad crucial de fomentar las conexiones globales en la creaci\u00f3n art\u00edstica. Analizamos c\u00f3mo las artes esc\u00e9nicas reflejan las especificidades culturales en un contexto global, rompiendo fronteras y destacando nuevas perspectivas creativas. Exploramos c\u00f3mo elementos de distintas culturas&hellip;","_links":{"self":[{"href":"https:\/\/invivoarts.fr\/index.php?rest_route=\/wp\/v2\/pages\/2803","targetHints":{"allow":["GET"]}}],"collection":[{"href":"https:\/\/invivoarts.fr\/index.php?rest_route=\/wp\/v2\/pages"}],"about":[{"href":"https:\/\/invivoarts.fr\/index.php?rest_route=\/wp\/v2\/types\/page"}],"author":[{"embeddable":true,"href":"https:\/\/invivoarts.fr\/index.php?rest_route=\/wp\/v2\/users\/1"}],"replies":[{"embeddable":true,"href":"https:\/\/invivoarts.fr\/index.php?rest_route=%2Fwp%2Fv2%2Fcomments&post=2803"}],"version-history":[{"count":66,"href":"https:\/\/invivoarts.fr\/index.php?rest_route=\/wp\/v2\/pages\/2803\/revisions"}],"predecessor-version":[{"id":4138,"href":"https:\/\/invivoarts.fr\/index.php?rest_route=\/wp\/v2\/pages\/2803\/revisions\/4138"}],"wp:attachment":[{"href":"https:\/\/invivoarts.fr\/index.php?rest_route=%2Fwp%2Fv2%2Fmedia&parent=2803"}],"curies":[{"name":"wp","href":"https:\/\/api.w.org\/{rel}","templated":true}]}}